{"id":40446,"date":"2026-01-19T10:28:25","date_gmt":"2026-01-19T10:28:25","guid":{"rendered":"https:\/\/dynaas.com\/privacy-policy\/"},"modified":"2026-02-19T14:13:47","modified_gmt":"2026-02-19T14:13:47","slug":"politique-de-confidentialite","status":"publish","type":"page","link":"https:\/\/dynaas.com\/fr\/politique-de-confidentialite\/","title":{"rendered":"Privacy Policy"},"content":{"rendered":"\t\t<div data-elementor-type=\"wp-page\" data-elementor-id=\"40446\" class=\"elementor elementor-40446 elementor-40441\" data-elementor-post-type=\"page\">\n\t\t\t\t<div class=\"elementor-element elementor-element-ecc7a26 e-con-full e-flex e-con e-parent\" data-id=\"ecc7a26\" data-element_type=\"container\">\n\t\t\t\t<div class=\"elementor-element elementor-element-0aefd06 elementor-widget elementor-widget-text-editor\" data-id=\"0aefd06\" data-element_type=\"widget\" data-widget_type=\"text-editor.default\">\n\t\t\t\t<div class=\"elementor-widget-container\">\n\t\t\t\t\t\t\t\t\t<h1 data-start=\"66\" data-end=\"98\">Politique de Confidentialit\u00e9<\/h1><p data-start=\"99\" data-end=\"143\"><strong data-start=\"99\" data-end=\"141\">Derni\u00e8re mise \u00e0 jour : 19 janvier 2026<\/strong><\/p><h2 data-start=\"145\" data-end=\"162\">Introduction<\/h2><p data-start=\"163\" data-end=\"488\">Bienvenue chez Dynaas. Nous nous engageons \u00e0 prot\u00e9ger vos informations personnelles et votre droit \u00e0 la vie priv\u00e9e. Cette politique de confidentialit\u00e9 explique comment nous collectons, utilisons, divulguons et s\u00e9curisons vos informations lorsque vous visitez notre site web, utilisez nos services ou interagissez avec nous.<\/p><p data-start=\"490\" data-end=\"649\">Veuillez lire attentivement cette politique de confidentialit\u00e9. Si vous n\u2019acceptez pas les termes de cette politique, veuillez ne pas acc\u00e9der \u00e0 nos services.<\/p><h2 data-start=\"651\" data-end=\"688\">Informations que nous collectons<\/h2><h3 data-start=\"690\" data-end=\"733\">Informations que vous nous fournissez<\/h3><p data-start=\"734\" data-end=\"837\">Nous collectons les informations personnelles que vous nous communiquez volontairement lorsque vous :<\/p><ul data-start=\"839\" data-end=\"1135\"><li data-start=\"839\" data-end=\"898\"><p data-start=\"841\" data-end=\"898\">Remplissez des formulaires de contact ou de candidature<\/p><\/li><li data-start=\"899\" data-end=\"958\"><p data-start=\"901\" data-end=\"958\">Vous abonnez \u00e0 notre newsletter ou \u00e0 nos communications<\/p><\/li><li data-start=\"959\" data-end=\"1005\"><p data-start=\"961\" data-end=\"1005\">Demandez des informations sur nos services<\/p><\/li><li data-start=\"1006\" data-end=\"1056\"><p data-start=\"1008\" data-end=\"1056\">Interagissez avec nous sur les r\u00e9seaux sociaux<\/p><\/li><li data-start=\"1057\" data-end=\"1100\"><p data-start=\"1059\" data-end=\"1100\">Participez \u00e0 des enqu\u00eates ou promotions<\/p><\/li><li data-start=\"1101\" data-end=\"1135\"><p data-start=\"1103\" data-end=\"1135\">Contactez notre service client<\/p><\/li><\/ul><p data-start=\"1137\" data-end=\"1173\">Ces informations peuvent inclure :<\/p><ul data-start=\"1175\" data-end=\"1533\"><li data-start=\"1175\" data-end=\"1266\"><p data-start=\"1177\" data-end=\"1266\"><strong data-start=\"1177\" data-end=\"1206\">Identifiants personnels :<\/strong> Nom, adresse e-mail, num\u00e9ro de t\u00e9l\u00e9phone, adresse postale<\/p><\/li><li data-start=\"1267\" data-end=\"1368\"><p data-start=\"1269\" data-end=\"1368\"><strong data-start=\"1269\" data-end=\"1304\">Informations professionnelles :<\/strong> Poste occup\u00e9, nom de l\u2019entreprise, parcours professionnel, CV<\/p><\/li><li data-start=\"1369\" data-end=\"1454\"><p data-start=\"1371\" data-end=\"1454\"><strong data-start=\"1371\" data-end=\"1401\">Donn\u00e9es de communication :<\/strong> Vos messages, retours et correspondances avec nous<\/p><\/li><li data-start=\"1455\" data-end=\"1533\"><p data-start=\"1457\" data-end=\"1533\"><strong data-start=\"1457\" data-end=\"1485\">Donn\u00e9es de pr\u00e9f\u00e9rences :<\/strong> Vos pr\u00e9f\u00e9rences de communication et marketing<\/p><\/li><\/ul><h3 data-start=\"1535\" data-end=\"1580\">Informations collect\u00e9es automatiquement<\/h3><p data-start=\"1581\" data-end=\"1733\">Lorsque vous visitez notre site web, nous collectons automatiquement certaines informations concernant votre appareil et votre navigation, notamment :<\/p><ul data-start=\"1735\" data-end=\"2151\"><li data-start=\"1735\" data-end=\"1846\"><p data-start=\"1737\" data-end=\"1846\"><strong data-start=\"1737\" data-end=\"1761\">Donn\u00e9es techniques :<\/strong> Adresse IP, type et version du navigateur, syst\u00e8me d\u2019exploitation, type d\u2019appareil<\/p><\/li><li data-start=\"1847\" data-end=\"1957\"><p data-start=\"1849\" data-end=\"1957\"><strong data-start=\"1849\" data-end=\"1876\">Donn\u00e9es d\u2019utilisation :<\/strong> Pages visit\u00e9es, temps pass\u00e9 sur les pages, taux de clics, sources de r\u00e9f\u00e9rence<\/p><\/li><li data-start=\"1958\" data-end=\"2049\"><p data-start=\"1960\" data-end=\"2049\"><strong data-start=\"1960\" data-end=\"1989\">Donn\u00e9es de localisation :<\/strong> Localisation g\u00e9ographique g\u00e9n\u00e9rale bas\u00e9e sur l\u2019adresse IP<\/p><\/li><li data-start=\"2050\" data-end=\"2151\"><p data-start=\"2052\" data-end=\"2151\"><strong data-start=\"2052\" data-end=\"2090\">Cookies et technologies de suivi :<\/strong> Voir la section \u201cCookies et politique de suivi\u201d ci-dessous<\/p><\/li><\/ul><h2 data-start=\"2153\" data-end=\"2197\">Comment nous utilisons vos informations<\/h2><p data-start=\"2198\" data-end=\"2273\">Nous utilisons les informations collect\u00e9es pour les finalit\u00e9s suivantes :<\/p><h3 data-start=\"2275\" data-end=\"2317\">Fourniture de services et op\u00e9rations<\/h3><ul data-start=\"2318\" data-end=\"2518\"><li data-start=\"2318\" data-end=\"2366\"><p data-start=\"2320\" data-end=\"2366\">Fournir, maintenir et am\u00e9liorer nos services<\/p><\/li><li data-start=\"2367\" data-end=\"2407\"><p data-start=\"2369\" data-end=\"2407\">Traiter vos demandes et transactions<\/p><\/li><li data-start=\"2408\" data-end=\"2457\"><p data-start=\"2410\" data-end=\"2457\">Communiquer avec vous concernant nos services<\/p><\/li><li data-start=\"2458\" data-end=\"2518\"><p data-start=\"2460\" data-end=\"2518\">Fournir une assistance client et r\u00e9pondre \u00e0 vos demandes<\/p><\/li><\/ul><h3 data-start=\"2520\" data-end=\"2547\">Recrutement et emploi<\/h3><ul data-start=\"2548\" data-end=\"2710\"><li data-start=\"2548\" data-end=\"2601\"><p data-start=\"2550\" data-end=\"2601\">Traiter les candidatures et \u00e9valuer les candidats<\/p><\/li><li data-start=\"2602\" data-end=\"2664\"><p data-start=\"2604\" data-end=\"2664\">Effectuer des v\u00e9rifications et v\u00e9rifier les qualifications<\/p><\/li><li data-start=\"2665\" data-end=\"2710\"><p data-start=\"2667\" data-end=\"2710\">Communiquer sur les opportunit\u00e9s d\u2019emploi<\/p><\/li><\/ul><h3 data-start=\"2712\" data-end=\"2745\">Marketing et communications<\/h3><ul data-start=\"2746\" data-end=\"2983\"><li data-start=\"2746\" data-end=\"2857\"><p data-start=\"2748\" data-end=\"2857\">Vous envoyer des newsletters, du mat\u00e9riel marketing et des offres promotionnelles (avec votre consentement)<\/p><\/li><li data-start=\"2858\" data-end=\"2934\"><p data-start=\"2860\" data-end=\"2934\">Vous informer sur les nouveaux services, fonctionnalit\u00e9s ou mises \u00e0 jour<\/p><\/li><li data-start=\"2935\" data-end=\"2983\"><p data-start=\"2937\" data-end=\"2983\">R\u00e9aliser des enqu\u00eates et recueillir vos avis<\/p><\/li><\/ul><h3 data-start=\"2985\" data-end=\"3015\">Analyses et am\u00e9lioration<\/h3><ul data-start=\"3016\" data-end=\"3246\"><li data-start=\"3016\" data-end=\"3096\"><p data-start=\"3018\" data-end=\"3096\">Analyser les habitudes d\u2019utilisation et am\u00e9liorer notre site et nos services<\/p><\/li><li data-start=\"3097\" data-end=\"3169\"><p data-start=\"3099\" data-end=\"3169\">Surveiller et analyser les tendances et pr\u00e9f\u00e9rences des utilisateurs<\/p><\/li><li data-start=\"3170\" data-end=\"3246\"><p data-start=\"3172\" data-end=\"3246\">D\u00e9tecter et pr\u00e9venir les probl\u00e8mes techniques et les menaces de s\u00e9curit\u00e9<\/p><\/li><\/ul><h3 data-start=\"3248\" data-end=\"3273\">L\u00e9gal et conformit\u00e9<\/h3><ul data-start=\"3274\" data-end=\"3436\"><li data-start=\"3274\" data-end=\"3329\"><p data-start=\"3276\" data-end=\"3329\">Respecter les obligations l\u00e9gales et r\u00e9glementaires<\/p><\/li><li data-start=\"3330\" data-end=\"3397\"><p data-start=\"3332\" data-end=\"3397\">Prot\u00e9ger nos droits, votre vie priv\u00e9e, la s\u00e9curit\u00e9 et nos biens<\/p><\/li><li data-start=\"3398\" data-end=\"3436\"><p data-start=\"3400\" data-end=\"3436\">Appliquer nos conditions g\u00e9n\u00e9rales<\/p><\/li><\/ul><h3 data-start=\"3438\" data-end=\"3476\">Base l\u00e9gale du traitement (RGPD)<\/h3><p data-start=\"3477\" data-end=\"3646\">Si vous vous trouvez dans l\u2019Espace \u00e9conomique europ\u00e9en (EEE), notre base l\u00e9gale pour la collecte et l\u2019utilisation de vos informations personnelles d\u00e9pend du contexte :<\/p><ul data-start=\"3648\" data-end=\"4046\"><li data-start=\"3648\" data-end=\"3739\"><p data-start=\"3650\" data-end=\"3739\"><strong data-start=\"3650\" data-end=\"3668\">Consentement :<\/strong> Vous nous avez donn\u00e9 l\u2019autorisation explicite de traiter vos donn\u00e9es<\/p><\/li><li data-start=\"3740\" data-end=\"3821\"><p data-start=\"3742\" data-end=\"3821\"><strong data-start=\"3742\" data-end=\"3755\">Contrat :<\/strong> Le traitement est n\u00e9cessaire pour ex\u00e9cuter un contrat avec vous<\/p><\/li><li data-start=\"3822\" data-end=\"3903\"><p data-start=\"3824\" data-end=\"3903\"><strong data-start=\"3824\" data-end=\"3847\">Obligation l\u00e9gale :<\/strong> Nous devons traiter vos donn\u00e9es pour respecter la loi<\/p><\/li><li data-start=\"3904\" data-end=\"4046\"><p data-start=\"3906\" data-end=\"4046\"><strong data-start=\"3906\" data-end=\"3930\">Int\u00e9r\u00eats l\u00e9gitimes :<\/strong> Le traitement est n\u00e9cessaire pour nos int\u00e9r\u00eats l\u00e9gitimes, \u00e0 condition que cela ne porte pas atteinte \u00e0 vos droits<\/p><\/li><\/ul><h2 data-start=\"4048\" data-end=\"4093\">Comment nous partageons vos informations<\/h2><p data-start=\"4094\" data-end=\"4217\">Nous ne vendons pas vos informations personnelles. Nous pouvons partager vos informations dans les situations suivantes :<\/p><h3 data-start=\"4219\" data-end=\"4264\">Fournisseurs de services et partenaires<\/h3><p data-start=\"4265\" data-end=\"4392\">Nous pouvons partager vos informations avec des prestataires tiers qui effectuent des services pour notre compte, notamment :<\/p><ul data-start=\"4394\" data-end=\"4574\"><li data-start=\"4394\" data-end=\"4427\"><p data-start=\"4396\" data-end=\"4427\">H\u00e9bergement et stockage cloud<\/p><\/li><li data-start=\"4428\" data-end=\"4469\"><p data-start=\"4430\" data-end=\"4469\">Services d\u2019e-mail et de communication<\/p><\/li><li data-start=\"4470\" data-end=\"4511\"><p data-start=\"4472\" data-end=\"4511\">Plateformes d\u2019analytique et marketing<\/p><\/li><li data-start=\"4512\" data-end=\"4537\"><p data-start=\"4514\" data-end=\"4537\">Processus de paiement<\/p><\/li><li data-start=\"4538\" data-end=\"4574\"><p data-start=\"4540\" data-end=\"4574\">Plateformes de recrutement et RH<\/p><\/li><\/ul><p data-start=\"4576\" data-end=\"4722\">Ces prestataires sont contractuellement tenus de prot\u00e9ger vos informations et de les utiliser uniquement pour les finalit\u00e9s que nous sp\u00e9cifions.<\/p><h3 data-start=\"4724\" data-end=\"4753\">Transferts d\u2019entreprise<\/h3><p data-start=\"4754\" data-end=\"4896\">En cas de fusion, acquisition, r\u00e9organisation ou vente d\u2019actifs, vos informations peuvent \u00eatre transf\u00e9r\u00e9es dans le cadre de cette op\u00e9ration.<\/p><h3 data-start=\"4898\" data-end=\"4923\">Obligations l\u00e9gales<\/h3><p data-start=\"4924\" data-end=\"5135\">Nous pouvons divulguer vos informations si la loi l\u2019exige ou en r\u00e9ponse \u00e0 des demandes l\u00e9gitimes des autorit\u00e9s publiques, y compris pour r\u00e9pondre aux exigences de s\u00e9curit\u00e9 nationale ou d\u2019application de la loi.<\/p><h3 data-start=\"5137\" data-end=\"5166\">Avec votre consentement<\/h3><p data-start=\"5167\" data-end=\"5268\">Nous pouvons partager vos informations pour toute autre finalit\u00e9 avec votre consentement explicite.<\/p><h3 data-start=\"5270\" data-end=\"5312\">Transferts internationaux de donn\u00e9es<\/h3><p data-start=\"5313\" data-end=\"5488\">Vos informations peuvent \u00eatre transf\u00e9r\u00e9es et trait\u00e9es dans des pays autres que votre pays de r\u00e9sidence, qui peuvent avoir des lois sur la protection des donn\u00e9es diff\u00e9rentes.<\/p><p data-start=\"5490\" data-end=\"5591\">Lors de transferts internationaux, nous assurons des mesures de protection appropri\u00e9es, notamment :<\/p><ul data-start=\"5593\" data-end=\"5804\"><li data-start=\"5593\" data-end=\"5665\"><p data-start=\"5595\" data-end=\"5665\">Clauses contractuelles types approuv\u00e9es par la Commission europ\u00e9enne<\/p><\/li><li data-start=\"5666\" data-end=\"5758\"><p data-start=\"5668\" data-end=\"5758\">D\u00e9cisions d\u2019ad\u00e9quation reconnaissant des standards \u00e9quivalents de protection des donn\u00e9es<\/p><\/li><li data-start=\"5759\" data-end=\"5804\"><p data-start=\"5761\" data-end=\"5804\">Votre consentement explicite au transfert<\/p><\/li><\/ul><h2 data-start=\"5806\" data-end=\"5835\">Conservation des donn\u00e9es<\/h2><p data-start=\"5836\" data-end=\"6028\">Nous conservons vos informations personnelles uniquement le temps n\u00e9cessaire pour atteindre les finalit\u00e9s d\u00e9crites dans cette politique, sauf si la loi exige ou permet une dur\u00e9e plus longue.<\/p><p data-start=\"6030\" data-end=\"6068\">Exemples de dur\u00e9es de conservation :<\/p><ul data-start=\"6070\" data-end=\"6355\"><li data-start=\"6070\" data-end=\"6147\"><p data-start=\"6072\" data-end=\"6147\"><strong data-start=\"6072\" data-end=\"6090\">Candidatures :<\/strong> Jusqu\u2019\u00e0 2 ans apr\u00e8s la fin du processus de recrutement<\/p><\/li><li data-start=\"6148\" data-end=\"6225\"><p data-start=\"6150\" data-end=\"6225\"><strong data-start=\"6150\" data-end=\"6173\">Donn\u00e9es marketing :<\/strong> Jusqu\u2019au retrait du consentement ou d\u00e9sabonnement<\/p><\/li><li data-start=\"6226\" data-end=\"6308\"><p data-start=\"6228\" data-end=\"6308\"><strong data-start=\"6228\" data-end=\"6261\">Historique des transactions :<\/strong> Selon les obligations fiscales et comptables<\/p><\/li><li data-start=\"6309\" data-end=\"6355\"><p data-start=\"6311\" data-end=\"6355\"><strong data-start=\"6311\" data-end=\"6337\">Analyses du site web :<\/strong> Environ 26 mois<\/p><\/li><\/ul><p data-start=\"6357\" data-end=\"6473\">Lorsque nous n\u2019avons plus besoin de vos informations, nous les supprimons ou les anonymisons de mani\u00e8re s\u00e9curis\u00e9e.<\/p><h2 data-start=\"6475\" data-end=\"6520\">Vos droits en mati\u00e8re de confidentialit\u00e9<\/h2><p data-start=\"6521\" data-end=\"6591\">Selon votre localisation, vous pouvez disposer des droits suivants :<\/p><h3 data-start=\"6593\" data-end=\"6614\">Droits g\u00e9n\u00e9raux<\/h3><ul data-start=\"6615\" data-end=\"7209\"><li data-start=\"6615\" data-end=\"6697\"><p data-start=\"6617\" data-end=\"6697\"><strong data-start=\"6617\" data-end=\"6628\">Acc\u00e8s :<\/strong> Demander une copie des informations personnelles que nous d\u00e9tenons<\/p><\/li><li data-start=\"6698\" data-end=\"6783\"><p data-start=\"6700\" data-end=\"6783\"><strong data-start=\"6700\" data-end=\"6716\">Correction :<\/strong> Demander la correction des informations inexactes ou incompl\u00e8tes<\/p><\/li><li data-start=\"6784\" data-end=\"6862\"><p data-start=\"6786\" data-end=\"6862\"><strong data-start=\"6786\" data-end=\"6803\">Suppression :<\/strong> Demander la suppression de vos informations personnelles<\/p><\/li><li data-start=\"6863\" data-end=\"6930\"><p data-start=\"6865\" data-end=\"6930\"><strong data-start=\"6865\" data-end=\"6881\">Opposition :<\/strong> Vous opposer au traitement de vos informations<\/p><\/li><li data-start=\"6931\" data-end=\"7019\"><p data-start=\"6933\" data-end=\"7019\"><strong data-start=\"6933\" data-end=\"6950\">Restriction :<\/strong> Demander une limitation du traitement dans certaines circonstances<\/p><\/li><li data-start=\"7020\" data-end=\"7113\"><p data-start=\"7022\" data-end=\"7113\"><strong data-start=\"7022\" data-end=\"7051\">Portabilit\u00e9 des donn\u00e9es :<\/strong> Demander le transfert de vos donn\u00e9es \u00e0 un autre prestataire<\/p><\/li><li data-start=\"7114\" data-end=\"7209\"><p data-start=\"7116\" data-end=\"7209\"><strong data-start=\"7116\" data-end=\"7145\">Retrait du consentement :<\/strong> Retirer votre consentement \u00e0 tout moment lorsqu\u2019il est requis<\/p><\/li><\/ul><h3 data-start=\"7211\" data-end=\"7249\">Droits sp\u00e9cifiques EU\/EEE (RGPD)<\/h3><p data-start=\"7250\" data-end=\"7415\">Si vous \u00eates dans l\u2019UE\/EEE, vous avez des droits suppl\u00e9mentaires, y compris celui de d\u00e9poser une plainte aupr\u00e8s de votre autorit\u00e9 locale de protection des donn\u00e9es.<\/p><h3 data-start=\"7417\" data-end=\"7452\">R\u00e9sidents californiens (CCPA)<\/h3><p data-start=\"7453\" data-end=\"7662\">Les r\u00e9sidents californiens disposent de droits sp\u00e9cifiques, notamment le droit de savoir quelles informations sont collect\u00e9es, le droit de les supprimer et le droit de refuser la vente de leurs informations.<\/p><h3 data-start=\"7664\" data-end=\"7692\">Exercice de vos droits<\/h3><p data-start=\"7693\" data-end=\"7856\">Pour exercer vos droits, veuillez nous contacter via les informations fournies dans la section \u00ab\u202fContactez-nous\u202f\u00bb. Nous r\u00e9pondrons \u00e0 votre demande sous 30 jours.<\/p><h2 data-start=\"7858\" data-end=\"7891\">S\u00e9curit\u00e9 de vos informations<\/h2><p data-start=\"7892\" data-end=\"8104\">Nous mettons en place des mesures techniques et organisationnelles appropri\u00e9es pour prot\u00e9ger vos informations personnelles contre l\u2019acc\u00e8s non autoris\u00e9, l\u2019alt\u00e9ration, la divulgation ou la destruction, incluant :<\/p><ul data-start=\"8106\" data-end=\"8358\"><li data-start=\"8106\" data-end=\"8156\"><p data-start=\"8108\" data-end=\"8156\">Chiffrement des donn\u00e9es en transit et au repos<\/p><\/li><li data-start=\"8157\" data-end=\"8204\"><p data-start=\"8159\" data-end=\"8204\">Audits et \u00e9valuations de s\u00e9curit\u00e9 r\u00e9guliers<\/p><\/li><li data-start=\"8205\" data-end=\"8246\"><p data-start=\"8207\" data-end=\"8246\">Contr\u00f4les d\u2019acc\u00e8s et authentification<\/p><\/li><li data-start=\"8247\" data-end=\"8301\"><p data-start=\"8249\" data-end=\"8301\">Formation des employ\u00e9s \u00e0 la protection des donn\u00e9es<\/p><\/li><li data-start=\"8302\" data-end=\"8358\"><p data-start=\"8304\" data-end=\"8358\">Sauvegardes s\u00e9curis\u00e9es et proc\u00e9dures de r\u00e9cup\u00e9ration<\/p><\/li><\/ul><p data-start=\"8360\" data-end=\"8565\">Cependant, aucune m\u00e9thode de transmission sur Internet ou de stockage \u00e9lectronique n\u2019est totalement s\u00fbre. Nous nous effor\u00e7ons de prot\u00e9ger vos informations, mais la s\u00e9curit\u00e9 absolue ne peut \u00eatre garantie.<\/p><h2 data-start=\"8567\" data-end=\"8604\">Cookies et technologies de suivi<\/h2><p data-start=\"8605\" data-end=\"8734\">Nous utilisons des cookies et technologies similaires pour collecter et stocker des informations sur votre utilisation du site.<\/p><h3 data-start=\"8736\" data-end=\"8767\">Types de cookies utilis\u00e9s<\/h3><ul data-start=\"8768\" data-end=\"9016\"><li data-start=\"8768\" data-end=\"8826\"><p data-start=\"8770\" data-end=\"8826\"><strong data-start=\"8770\" data-end=\"8786\">Essentiels :<\/strong> N\u00e9cessaires au fonctionnement du site<\/p><\/li><li data-start=\"8827\" data-end=\"8880\"><p data-start=\"8829\" data-end=\"8880\"><strong data-start=\"8829\" data-end=\"8845\">Analytique :<\/strong> Comprendre l\u2019utilisation du site<\/p><\/li><li data-start=\"8881\" data-end=\"8931\"><p data-start=\"8883\" data-end=\"8931\"><strong data-start=\"8883\" data-end=\"8903\">Fonctionnalit\u00e9 :<\/strong> M\u00e9moriser vos pr\u00e9f\u00e9rences<\/p><\/li><li data-start=\"8932\" data-end=\"9016\"><p data-start=\"8934\" data-end=\"9016\"><strong data-start=\"8934\" data-end=\"8949\">Marketing :<\/strong> Suivre votre navigation pour afficher des publicit\u00e9s pertinentes<\/p><\/li><\/ul><h3 data-start=\"9018\" data-end=\"9043\">Gestion des cookies<\/h3><p data-start=\"9044\" data-end=\"9203\">Vous pouvez g\u00e9rer les cookies via les param\u00e8tres de votre navigateur. Notez que la d\u00e9sactivation de certains cookies peut affecter le fonctionnement du site.<\/p><p data-start=\"9205\" data-end=\"9284\">Pour plus d\u2019informations, consultez notre politique compl\u00e8te sur les cookies.<\/p><h2 data-start=\"9286\" data-end=\"9302\">Liens tiers<\/h2><p data-start=\"9303\" data-end=\"9496\">Notre site peut contenir des liens vers des sites tiers. Nous ne sommes pas responsables de leurs pratiques ou contenus. Nous vous recommandons de consulter leur politique de confidentialit\u00e9.<\/p><h2 data-start=\"9498\" data-end=\"9530\">Confidentialit\u00e9 des enfants<\/h2><p data-start=\"9531\" data-end=\"9796\">Nos services ne sont pas destin\u00e9s aux moins de 18 ans. Nous ne collectons pas sciemment d\u2019informations personnelles aupr\u00e8s d\u2019enfants. Si nous d\u00e9couvrons que nous avons collect\u00e9 des donn\u00e9es sans consentement parental, nous prendrons des mesures pour les supprimer.<\/p><h2 data-start=\"9798\" data-end=\"9835\">Modifications de cette politique<\/h2><p data-start=\"9836\" data-end=\"10056\">Nous pouvons mettre \u00e0 jour cette politique pour refl\u00e9ter des changements dans nos pratiques ou pour des raisons l\u00e9gales, op\u00e9rationnelles ou r\u00e9glementaires. La date \u00ab\u202fDerni\u00e8re mise \u00e0 jour\u202f\u00bb indique la derni\u00e8re r\u00e9vision.<\/p><p data-start=\"10058\" data-end=\"10116\">Nous vous informerons des modifications importantes en :<\/p><ul data-start=\"10117\" data-end=\"10291\"><li data-start=\"10117\" data-end=\"10169\"><p data-start=\"10119\" data-end=\"10169\">Publiant la politique mise \u00e0 jour sur notre site<\/p><\/li><li data-start=\"10170\" data-end=\"10246\"><p data-start=\"10172\" data-end=\"10246\">Envoyant une notification par e-mail (si vous avez fourni votre adresse)<\/p><\/li><li data-start=\"10247\" data-end=\"10291\"><p data-start=\"10249\" data-end=\"10291\">Affichant un avis visible sur notre site<\/p><\/li><\/ul><p data-start=\"10293\" data-end=\"10381\">Nous vous encourageons \u00e0 consulter p\u00e9riodiquement cette politique pour rester inform\u00e9.<\/p><h2 data-start=\"10383\" data-end=\"10400\">Consentement<\/h2><p data-start=\"10401\" data-end=\"10620\">En utilisant notre site et nos services, vous reconnaissez avoir lu et compris cette politique de confidentialit\u00e9 et consentez \u00e0 la collecte, l\u2019utilisation et la divulgation de vos informations comme d\u00e9crit ci-dessus.<\/p>\t\t\t\t\t\t\t\t<\/div>\n\t\t\t\t<\/div>\n\t\t\t\t<\/div>\n\t\t\t\t<\/div>\n\t\t","protected":false},"excerpt":{"rendered":"<p>Politique de Confidentialit\u00e9 Derni\u00e8re mise \u00e0 jour : 19 janvier 2026 Introduction Bienvenue chez Dynaas. Nous nous engageons \u00e0 prot\u00e9ger vos informations personnelles et votre droit \u00e0 la vie priv\u00e9e. Cette politique de confidentialit\u00e9 explique comment nous collectons, utilisons, divulguons et s\u00e9curisons vos informations lorsque vous visitez notre site web, utilisez nos services ou interagissez [&hellip;]<\/p>\n","protected":false},"author":1,"featured_media":0,"parent":0,"menu_order":0,"comment_status":"closed","ping_status":"closed","template":"","meta":{"_acf_changed":false,"footnotes":""},"class_list":["post-40446","page","type-page","status-publish","hentry"],"acf":[],"aioseo_notices":[],"_links":{"self":[{"href":"https:\/\/dynaas.com\/fr\/wp-json\/wp\/v2\/pages\/40446","targetHints":{"allow":["GET"]}}],"collection":[{"href":"https:\/\/dynaas.com\/fr\/wp-json\/wp\/v2\/pages"}],"about":[{"href":"https:\/\/dynaas.com\/fr\/wp-json\/wp\/v2\/types\/page"}],"author":[{"embeddable":true,"href":"https:\/\/dynaas.com\/fr\/wp-json\/wp\/v2\/users\/1"}],"replies":[{"embeddable":true,"href":"https:\/\/dynaas.com\/fr\/wp-json\/wp\/v2\/comments?post=40446"}],"version-history":[{"count":11,"href":"https:\/\/dynaas.com\/fr\/wp-json\/wp\/v2\/pages\/40446\/revisions"}],"predecessor-version":[{"id":44341,"href":"https:\/\/dynaas.com\/fr\/wp-json\/wp\/v2\/pages\/40446\/revisions\/44341"}],"wp:attachment":[{"href":"https:\/\/dynaas.com\/fr\/wp-json\/wp\/v2\/media?parent=40446"}],"curies":[{"name":"wp","href":"https:\/\/api.w.org\/{rel}","templated":true}]}}