{"id":40401,"date":"2026-01-15T08:15:47","date_gmt":"2026-01-15T08:15:47","guid":{"rendered":"https:\/\/dynaas.com\/careers\/"},"modified":"2026-02-19T14:43:07","modified_gmt":"2026-02-19T14:43:07","slug":"careers","status":"publish","type":"page","link":"https:\/\/dynaas.com\/fr\/careers\/","title":{"rendered":"Careers"},"content":{"rendered":"\t\t<div data-elementor-type=\"wp-page\" data-elementor-id=\"40401\" class=\"elementor elementor-40401 elementor-38322\" data-elementor-post-type=\"page\">\n\t\t\t\t<div class=\"elementor-element elementor-element-83256a2 e-flex e-con-boxed e-con e-parent\" data-id=\"83256a2\" data-element_type=\"container\" data-settings=\"{&quot;background_background&quot;:&quot;classic&quot;}\">\n\t\t\t\t\t<div class=\"e-con-inner\">\n\t\t<div class=\"elementor-element elementor-element-885f93a e-con-full e-flex e-con e-child\" data-id=\"885f93a\" data-element_type=\"container\">\n\t\t\t\t<div class=\"elementor-element elementor-element-b23ec5d elementor-widget elementor-widget-heading\" data-id=\"b23ec5d\" data-element_type=\"widget\" data-widget_type=\"heading.default\">\n\t\t\t\t<div class=\"elementor-widget-container\">\n\t\t\t\t\t<h2 class=\"elementor-heading-title elementor-size-default\">Rejoignez notre \u00e9quipe d\u2019innovateurs et faites la diff\u00e9rence<\/h2>\t\t\t\t<\/div>\n\t\t\t\t<\/div>\n\t\t\t\t<\/div>\n\t\t<div class=\"elementor-element elementor-element-7baa7e6 e-con-full e-flex e-con e-child\" data-id=\"7baa7e6\" data-element_type=\"container\">\n\t\t\t\t<div class=\"elementor-element elementor-element-a8d36a5 elementor-widget elementor-widget-shortcode\" data-id=\"a8d36a5\" data-element_type=\"widget\" data-widget_type=\"shortcode.default\">\n\t\t\t\t<div class=\"elementor-widget-container\">\n\t\t\t\t\t\t\t<div class=\"elementor-shortcode\">\n<div class=\"wpcf7 no-js\" id=\"wpcf7-f39955-o1\" lang=\"fr-FR\" dir=\"ltr\" data-wpcf7-id=\"39955\">\n<div class=\"screen-reader-response\"><p role=\"status\" aria-live=\"polite\" aria-atomic=\"true\"><\/p> <ul><\/ul><\/div>\n<form action=\"\/fr\/wp-json\/wp\/v2\/pages\/40401#wpcf7-f39955-o1\" method=\"post\" class=\"wpcf7-form init\" aria-label=\"Formulaire de contact\" enctype=\"multipart\/form-data\" novalidate=\"novalidate\" data-status=\"init\">\n<fieldset class=\"hidden-fields-container\"><input type=\"hidden\" name=\"_wpcf7\" value=\"39955\" \/><input type=\"hidden\" name=\"_wpcf7_version\" value=\"6.1.4\" \/><input type=\"hidden\" name=\"_wpcf7_locale\" value=\"fr_FR\" \/><input type=\"hidden\" name=\"_wpcf7_unit_tag\" value=\"wpcf7-f39955-o1\" \/><input type=\"hidden\" name=\"_wpcf7_container_post\" value=\"0\" \/><input type=\"hidden\" name=\"_wpcf7_posted_data_hash\" value=\"\" \/>\n<\/fieldset>\n<div class=\"dynaas-contact-form\">\n\t<div class=\"form-row\">\n\t\t<div class=\"form-col\">\n\t\t\t<p><span class=\"wpcf7-form-control-wrap\" data-name=\"first-name\"><input size=\"40\" maxlength=\"400\" class=\"wpcf7-form-control wpcf7-text wpcf7-validates-as-required\" aria-required=\"true\" aria-invalid=\"false\" placeholder=\"Pr\u00e9nom*\" value=\"\" type=\"text\" name=\"first-name\" \/><\/span>\n\t\t\t<\/p>\n\t\t<\/div>\n\t\t<div class=\"form-col\">\n\t\t\t<p><span class=\"wpcf7-form-control-wrap\" data-name=\"last-name\"><input size=\"40\" maxlength=\"400\" class=\"wpcf7-form-control wpcf7-text wpcf7-validates-as-required\" aria-required=\"true\" aria-invalid=\"false\" placeholder=\"Nom*\" value=\"\" type=\"text\" name=\"last-name\" \/><\/span>\n\t\t\t<\/p>\n\t\t<\/div>\n\t<\/div>\n\t<div class=\"form-row\">\n\t\t<div class=\"form-col\">\n\t\t\t<p><span class=\"wpcf7-form-control-wrap\" data-name=\"country\"><select class=\"wpcf7-form-control wpcf7-select wpcf7-validates-as-required\" aria-required=\"true\" aria-invalid=\"false\" name=\"country\"><option value=\"\">\u2014 Choisissez votre pays \u2014<\/option><option value=\"\u00c9tats-Unis\">\u00c9tats-Unis<\/option><option value=\"Royaume-Uni\">Royaume-Uni<\/option><option value=\"France\">France<\/option><option value=\"Allemagne\">Allemagne<\/option><option value=\"Espagne\">Espagne<\/option><option value=\"Italie\">Italie<\/option><option value=\"Pays-Bas\">Pays-Bas<\/option><option value=\"Belgique\">Belgique<\/option><option value=\"Maroc\">Maroc<\/option><option value=\"Autre\">Autre<\/option><\/select><\/span>\n\t\t\t<\/p>\n\t\t<\/div>\n\t\t<div class=\"form-col\">\n\t\t\t<p><span class=\"wpcf7-form-control-wrap\" data-name=\"email\"><input size=\"40\" maxlength=\"400\" class=\"wpcf7-form-control wpcf7-email wpcf7-validates-as-required wpcf7-text wpcf7-validates-as-email\" aria-required=\"true\" aria-invalid=\"false\" placeholder=\"E-mail*\" value=\"\" type=\"email\" name=\"email\" \/><\/span>\n\t\t\t<\/p>\n\t\t<\/div>\n\t<\/div>\n\t<div class=\"form-row\">\n\t\t<div class=\"form-col\">\n\t\t\t<p><span class=\"wpcf7-form-control-wrap\" data-name=\"phone\"><input size=\"40\" maxlength=\"400\" class=\"wpcf7-form-control wpcf7-tel wpcf7-text wpcf7-validates-as-tel\" aria-invalid=\"false\" placeholder=\"T\u00e9l\u00e9phone\" value=\"\" type=\"tel\" name=\"phone\" \/><\/span>\n\t\t\t<\/p>\n\t\t<\/div>\n\t\t<div class=\"form-col\">\n\t\t\t<p><span class=\"wpcf7-form-control-wrap\" data-name=\"position\"><input size=\"40\" maxlength=\"400\" class=\"wpcf7-form-control wpcf7-text wpcf7-validates-as-required\" aria-required=\"true\" aria-invalid=\"false\" placeholder=\"Poste demand\u00e9*\" value=\"\" type=\"text\" name=\"position\" \/><\/span>\n\t\t\t<\/p>\n\t\t<\/div>\n\t<\/div>\n\t<div class=\"form-row\">\n\t\t<div class=\"form-col-full\">\n\t\t\t<p><span class=\"wpcf7-form-control-wrap\" data-name=\"cv\"><input size=\"40\" class=\"wpcf7-form-control wpcf7-file wpcf7-validates-as-required\" accept=\".pdf,.doc,.docx\" aria-required=\"true\" aria-invalid=\"false\" type=\"file\" name=\"cv\" \/><\/span>\n\t\t\t<\/p>\n\t\t<\/div>\n\t<\/div>\n\t<div class=\"form-row\">\n\t\t<div class=\"form-col-full\">\n\t\t\t<p><span class=\"wpcf7-form-control-wrap\" data-name=\"message\"><textarea cols=\"40\" rows=\"10\" maxlength=\"2000\" class=\"wpcf7-form-control wpcf7-textarea\" aria-invalid=\"false\" placeholder=\"Message (optional)\" name=\"message\"><\/textarea><\/span>\n\t\t\t<\/p>\n\t\t<\/div>\n\t<\/div>\n\t<div class=\"form-privacy-notice\">\n\t\t<p><br \/>\nDynaas s'engage \u00e0 prot\u00e9ger et \u00e0 respecter votre vie priv\u00e9e.<br \/>\nNous n'utiliserons vos informations personnelles que pour traiter votre candidature.\n\t\t<\/p>\n\t<\/div>\n\t<div class=\"form-consent\">\n\t\t<p><span class=\"wpcf7-form-control-wrap\" data-name=\"privacy-consent\"><span class=\"wpcf7-form-control wpcf7-acceptance\"><span class=\"wpcf7-list-item\"><label><input type=\"checkbox\" name=\"privacy-consent\" value=\"1\" aria-invalid=\"false\" \/><span class=\"wpcf7-list-item-label\">J'ai lu et j'accepte le <a href=\"\/fr\/politique-de-confidentialite\" target=\"_blank\">Politique de confidentialit\u00e9<\/a>.<\/span><\/label><\/span><\/span><\/span>\n\t\t<\/p>\n\t<\/div>\n\t<div class=\"form-consent\">\n\t\t<p><span class=\"wpcf7-form-control-wrap\" data-name=\"marketing-consent\"><span class=\"wpcf7-form-control wpcf7-checkbox\"><span class=\"wpcf7-list-item first last\"><label><input type=\"checkbox\" name=\"marketing-consent[]\" value=\"J&#039;accepte de recevoir d&#039;autres communications de la part de Dynaas.\" \/><span class=\"wpcf7-list-item-label\">J&#039;accepte de recevoir d&#039;autres communications de la part de Dynaas.<\/span><\/label><\/span><\/span><\/span>\n\t\t<\/p>\n\t<\/div>\n<input class=\"wpcf7-form-control wpcf7-hidden\" value=\"job_application_cv\" type=\"hidden\" name=\"form_name\" \/>\n<div class=\"wpcf7-turnstile cf-turnstile\" data-sitekey=\"0x4AAAAAACKYMPxtw74OlvAe\" data-response-field-name=\"_wpcf7_turnstile_response\"><\/div>\n\t<div class=\"form-row form-submit-row\">\n\t\t<p><input class=\"wpcf7-form-control wpcf7-submit has-spinner submit-button\" type=\"submit\" value=\"Envoyer la candidature\" \/>\n\t\t<\/p>\n\t<\/div>\n<\/div><div class=\"wpcf7-response-output\" aria-hidden=\"true\"><\/div>\n<\/form>\n<\/div>\n<\/div>\n\t\t\t\t\t\t<\/div>\n\t\t\t\t<\/div>\n\t\t\t\t<\/div>\n\t\t\t\t\t<\/div>\n\t\t\t\t<\/div>\n\t\t\t\t<\/div>\n\t\t","protected":false},"excerpt":{"rendered":"<p>Rejoignez notre \u00e9quipe d\u2019innovateurs et faites la diff\u00e9rence<\/p>\n","protected":false},"author":1,"featured_media":0,"parent":0,"menu_order":0,"comment_status":"closed","ping_status":"closed","template":"","meta":{"_acf_changed":false,"footnotes":""},"class_list":["post-40401","page","type-page","status-publish","hentry"],"acf":[],"aioseo_notices":[],"_links":{"self":[{"href":"https:\/\/dynaas.com\/fr\/wp-json\/wp\/v2\/pages\/40401","targetHints":{"allow":["GET"]}}],"collection":[{"href":"https:\/\/dynaas.com\/fr\/wp-json\/wp\/v2\/pages"}],"about":[{"href":"https:\/\/dynaas.com\/fr\/wp-json\/wp\/v2\/types\/page"}],"author":[{"embeddable":true,"href":"https:\/\/dynaas.com\/fr\/wp-json\/wp\/v2\/users\/1"}],"replies":[{"embeddable":true,"href":"https:\/\/dynaas.com\/fr\/wp-json\/wp\/v2\/comments?post=40401"}],"version-history":[{"count":40,"href":"https:\/\/dynaas.com\/fr\/wp-json\/wp\/v2\/pages\/40401\/revisions"}],"predecessor-version":[{"id":44407,"href":"https:\/\/dynaas.com\/fr\/wp-json\/wp\/v2\/pages\/40401\/revisions\/44407"}],"wp:attachment":[{"href":"https:\/\/dynaas.com\/fr\/wp-json\/wp\/v2\/media?parent=40401"}],"curies":[{"name":"wp","href":"https:\/\/api.w.org\/{rel}","templated":true}]}}